{"id":229873,"date":"2021-02-21T10:37:31","date_gmt":"2021-02-21T10:37:31","guid":{"rendered":"https:\/\/happyequinetransport.com\/arbetssatt\/"},"modified":"2024-03-29T08:16:36","modified_gmt":"2024-03-29T08:16:36","slug":"arbetssatt","status":"publish","type":"page","link":"https:\/\/happyequinetransport.com\/sv\/arbetssatt\/","title":{"rendered":"Arbetss\u00e4tt"},"content":{"rendered":"<p>[et_pb_section fb_built=&#8221;1&#8243; admin_label=&#8221;Header&#8221; _builder_version=&#8221;4.9.0&#8243; background_color=&#8221;#848484&#8243; background_image=&#8221;https:\/\/happyequinetransport.com\/wp-content\/uploads\/2022\/05\/klaarmaken-vrachtwagen.jpg&#8221; background_blend=&#8221;soft-light&#8221; animation_direction=&#8221;left&#8221; da_disable_devices=&#8221;off|off|off&#8221; da_is_popup=&#8221;off&#8221; da_exit_intent=&#8221;off&#8221; da_has_close=&#8221;on&#8221; da_alt_close=&#8221;off&#8221; da_dark_close=&#8221;off&#8221; da_not_modal=&#8221;on&#8221; da_is_singular=&#8221;off&#8221; da_with_loader=&#8221;off&#8221; da_has_shadow=&#8221;on&#8221;][et_pb_row _builder_version=&#8221;3.25&#8243;][et_pb_column type=&#8221;4_4&#8243; _builder_version=&#8221;3.25&#8243; custom_padding=&#8221;|||&#8221; custom_padding__hover=&#8221;|||&#8221;][et_pb_text ul_type=&#8221;circle&#8221; _builder_version=&#8221;3.27.4&#8243; text_font=&#8221;||||||||&#8221; text_font_size=&#8221;18px&#8221; text_line_height=&#8221;2em&#8221; ul_font=&#8221;||||||||&#8221; ul_font_size=&#8221;18px&#8221; ul_line_height=&#8221;2em&#8221; header_font=&#8221;Montserrat|700|||||||&#8221; header_font_size=&#8221;50px&#8221; header_line_height=&#8221;1.2em&#8221; text_orientation=&#8221;center&#8221; background_layout=&#8221;dark&#8221; max_width=&#8221;800px&#8221; module_alignment=&#8221;center&#8221; header_font_size_tablet=&#8221;40px&#8221; header_font_size_phone=&#8221;28px&#8221; header_font_size_last_edited=&#8221;on|phone&#8221;]<\/p>\n<h1>Happy Equine Transport<\/h1>\n<p>Horse transport with a smile<\/p>\n<p>[\/et_pb_text][et_pb_button button_url=&#8221;https:\/\/happyequinetransport.com\/sv\/kontakt\/&#8221; button_text=&#8221;Boka Transport&#8221; button_alignment=&#8221;center&#8221; _builder_version=&#8221;4.5.6&#8243; custom_button=&#8221;on&#8221; button_text_size=&#8221;16px&#8221; button_text_color=&#8221;#ffffff&#8221; button_bg_color=&#8221;#ff5b0c&#8221; button_border_width=&#8221;10px&#8221; button_border_color=&#8221;#ff5b0c&#8221; button_letter_spacing=&#8221;2px&#8221; button_font=&#8221;Montserrat|700|||||||&#8221; button_icon=&#8221;%%3%%&#8221; custom_margin=&#8221;40px|||&#8221; locked=&#8221;off&#8221; button_text_size__hover_enabled=&#8221;off&#8221; button_one_text_size__hover_enabled=&#8221;off&#8221; button_two_text_size__hover_enabled=&#8221;off&#8221; button_text_color__hover_enabled=&#8221;off&#8221; button_one_text_color__hover_enabled=&#8221;off&#8221; button_two_text_color__hover_enabled=&#8221;off&#8221; button_border_width__hover_enabled=&#8221;off&#8221; button_one_border_width__hover_enabled=&#8221;off&#8221; button_two_border_width__hover_enabled=&#8221;off&#8221; button_border_color__hover_enabled=&#8221;off&#8221; button_one_border_color__hover_enabled=&#8221;off&#8221; button_two_border_color__hover_enabled=&#8221;off&#8221; button_border_radius__hover_enabled=&#8221;off&#8221; button_one_border_radius__hover_enabled=&#8221;off&#8221; button_two_border_radius__hover_enabled=&#8221;off&#8221; button_letter_spacing__hover_enabled=&#8221;off&#8221; button_one_letter_spacing__hover_enabled=&#8221;off&#8221; button_two_letter_spacing__hover_enabled=&#8221;off&#8221; button_bg_color__hover_enabled=&#8221;off&#8221; button_one_bg_color__hover_enabled=&#8221;off&#8221; button_two_bg_color__hover_enabled=&#8221;off&#8221;][\/et_pb_button][\/et_pb_column][\/et_pb_row][\/et_pb_section][et_pb_section fb_built=&#8221;1&#8243; admin_label=&#8221;Services&#8221; _builder_version=&#8221;3.22&#8243; da_disable_devices=&#8221;off|off|off&#8221; locked=&#8221;off&#8221; da_is_popup=&#8221;off&#8221; da_exit_intent=&#8221;off&#8221; da_has_close=&#8221;on&#8221; da_alt_close=&#8221;off&#8221; da_dark_close=&#8221;off&#8221; da_not_modal=&#8221;on&#8221; da_is_singular=&#8221;off&#8221; da_with_loader=&#8221;off&#8221; da_has_shadow=&#8221;on&#8221;][et_pb_row column_structure=&#8221;1_3,1_3,1_3&#8243; use_custom_gutter=&#8221;on&#8221; gutter_width=&#8221;1&#8243; _builder_version=&#8221;3.25&#8243; custom_padding=&#8221;0|0px|0|0px|false|false&#8221; border_width_all=&#8221;1px&#8221; border_color_all=&#8221;#e7eef5&#8243; border_width_top=&#8221;0px&#8221; border_width_bottom=&#8221;0px&#8221;][et_pb_column type=&#8221;1_3&#8243; _builder_version=&#8221;3.25&#8243; custom_padding=&#8221;|||&#8221; custom_padding__hover=&#8221;|||&#8221;][et_pb_blurb title=&#8221;Hj\u00e4lp med pappersarbete&#8221; _builder_version=&#8221;3.11&#8243; header_font=&#8221;Montserrat|600||on|||||&#8221; header_font_size=&#8221;14px&#8221; header_letter_spacing=&#8221;1px&#8221; header_line_height=&#8221;1.8em&#8221; text_orientation=&#8221;center&#8221; custom_padding=&#8221;36px|20px|36px|20px|true|true&#8221; custom_padding_tablet=&#8221;10px||10px||true&#8221; custom_padding_phone=&#8221;&#8221; custom_padding_last_edited=&#8221;on|desktop&#8221; border_width_all=&#8221;1px&#8221; border_color_all=&#8221;#e7eef5&#8243; border_width_top=&#8221;0px&#8221; border_width_bottom=&#8221;0px&#8221;][\/et_pb_blurb][\/et_pb_column][et_pb_column type=&#8221;1_3&#8243; _builder_version=&#8221;3.25&#8243; custom_padding=&#8221;|||&#8221; custom_padding__hover=&#8221;|||&#8221;][et_pb_blurb title=&#8221;Bekv\u00e4mt resande&#8221; _builder_version=&#8221;3.11&#8243; header_font=&#8221;Montserrat|600||on|||||&#8221; header_font_size=&#8221;14px&#8221; header_letter_spacing=&#8221;1px&#8221; header_line_height=&#8221;1.8em&#8221; text_orientation=&#8221;center&#8221; custom_padding=&#8221;36px|20px|36px|20px|true|true&#8221; custom_padding_tablet=&#8221;10px||10px||true&#8221; custom_padding_phone=&#8221;&#8221; custom_padding_last_edited=&#8221;on|desktop&#8221; border_width_all=&#8221;1px&#8221; border_color_all=&#8221;#e7eef5&#8243; border_width_top=&#8221;0px&#8221; border_width_bottom=&#8221;0px&#8221; locked=&#8221;off&#8221;][\/et_pb_blurb][\/et_pb_column][et_pb_column type=&#8221;1_3&#8243; _builder_version=&#8221;3.25&#8243; custom_padding=&#8221;|||&#8221; custom_padding__hover=&#8221;|||&#8221;][et_pb_blurb title=&#8221;H\u00e5ll dig uppdaterad fr\u00e5n A till \u00d6&#8221; _builder_version=&#8221;3.11&#8243; header_font=&#8221;Montserrat|600||on|||||&#8221; header_font_size=&#8221;14px&#8221; header_letter_spacing=&#8221;1px&#8221; header_line_height=&#8221;1.8em&#8221; text_orientation=&#8221;center&#8221; custom_padding=&#8221;36px|20px|36px|20px|true|true&#8221; custom_padding_tablet=&#8221;10px||10px||true&#8221; custom_padding_phone=&#8221;&#8221; custom_padding_last_edited=&#8221;on|desktop&#8221; border_width_all=&#8221;1px&#8221; border_color_all=&#8221;#e7eef5&#8243; border_width_top=&#8221;0px&#8221; border_width_bottom=&#8221;0px&#8221; locked=&#8221;off&#8221;][\/et_pb_blurb][\/et_pb_column][\/et_pb_row][et_pb_row column_structure=&#8221;1_2,1_2&#8243; _builder_version=&#8221;3.25&#8243; locked=&#8221;off&#8221;][et_pb_column type=&#8221;1_2&#8243; _builder_version=&#8221;3.25&#8243; custom_padding=&#8221;|||&#8221; custom_padding__hover=&#8221;|||&#8221;][et_pb_text _builder_version=&#8221;3.27.4&#8243; text_font=&#8221;||||||||&#8221; text_font_size=&#8221;16px&#8221; text_line_height=&#8221;2em&#8221; header_font=&#8221;||||||||&#8221; header_2_font=&#8221;Montserrat|700|||||||&#8221; header_2_font_size=&#8221;36px&#8221; header_2_line_height=&#8221;1.4em&#8221; max_width=&#8221;700px&#8221; module_alignment=&#8221;center&#8221; header_2_font_size_tablet=&#8221;26px&#8221; header_2_font_size_phone=&#8221;20px&#8221; header_2_font_size_last_edited=&#8221;on|phone&#8221; locked=&#8221;off&#8221;]<\/p>\n<h2>H\u00e4stens v\u00e4lm\u00e5ende \u00e4r nummer 1 <\/h2>\n<p>Innan ni \u00f6verl\u00e4mnar er h\u00e4st I v\u00e5ra h\u00e4nder, s\u00e5 gissar vi p\u00e5 att ni vill veta mer om v\u00e5rt arbetss\u00e4tt. F\u00f6rst och fr\u00e4mst s\u00e5 \u00e4r hastens v\u00e4lm\u00e5ende det viktigaste. F\u00f6raren kan se h\u00e4starna framme I hytten, tack vare en inbyggd kamera. V\u00e5r transport \u00e4r utrustad med stora spiltor , alla s\u00e5klart utrustade med mjuk gummimatta p\u00e5 golvet och mjuka kl\u00e4dda v\u00e4ggar. H\u00e4starna kan se ut genom ett f\u00f6nster under hela resan vilket f\u00f6rser dem ordentligt med frisk luft , de har \u00e4ven konstant tillg\u00e5ng till h\u00f6 och dricksvatten I- och urlastning sk\u00f6ts via en ramp baktill p\u00e5 lastbilen, rampen har en s\u00e5dan vinkel att h\u00e4starna inte beh\u00f6ver hoppa upp eller ner, utan enkelt och bekv\u00e4mt kan ta sig I och ur. <\/p>\n<p>[\/et_pb_text][\/et_pb_column][et_pb_column type=&#8221;1_2&#8243; _builder_version=&#8221;3.25&#8243; custom_padding=&#8221;|||&#8221; custom_padding__hover=&#8221;|||&#8221;][et_pb_image src=&#8221;http:\/\/happyequinetransport.com\/wp-content\/uploads\/2020\/08\/IMG_1968-scaled.jpg&#8221; title_text=&#8221;IMG_1968&#8243; _builder_version=&#8221;4.5.6&#8243; _module_preset=&#8221;default&#8221; animation_style=&#8221;slide&#8221; animation_direction=&#8221;right&#8221; box_shadow_style=&#8221;preset1&#8243;][\/et_pb_image][\/et_pb_column][\/et_pb_row][et_pb_row column_structure=&#8221;1_2,1_2&#8243; _builder_version=&#8221;4.5.6&#8243; locked=&#8221;off&#8221;][et_pb_column type=&#8221;1_2&#8243; _builder_version=&#8221;3.25&#8243; custom_padding=&#8221;|||&#8221; custom_padding__hover=&#8221;|||&#8221;][et_pb_image src=&#8221;http:\/\/happyequinetransport.com\/wp-content\/uploads\/2020\/08\/IMG_1879-scaled.jpg&#8221; title_text=&#8221;IMG_1879&#8243; _builder_version=&#8221;4.5.6&#8243; _module_preset=&#8221;default&#8221; animation_style=&#8221;slide&#8221; animation_direction=&#8221;right&#8221; box_shadow_style=&#8221;preset1&#8243;][\/et_pb_image][\/et_pb_column][et_pb_column type=&#8221;1_2&#8243; _builder_version=&#8221;4.5.6&#8243; _module_preset=&#8221;default&#8221;][et_pb_text _builder_version=&#8221;4.5.6&#8243; text_font=&#8221;||||||||&#8221; text_font_size=&#8221;16px&#8221; text_line_height=&#8221;2em&#8221; header_font=&#8221;||||||||&#8221; header_2_font=&#8221;Montserrat|700|||||||&#8221; header_2_font_size=&#8221;36px&#8221; header_2_line_height=&#8221;1.4em&#8221; max_width=&#8221;700px&#8221; module_alignment=&#8221;center&#8221; header_2_font_size_tablet=&#8221;26px&#8221; header_2_font_size_phone=&#8221;20px&#8221; header_2_font_size_last_edited=&#8221;on|phone&#8221; locked=&#8221;off&#8221;]<\/p>\n<h2>Innan resan b\u00f6rjar <\/h2>\n<p>De\u00e4rt fortfarande mycket som m\u00e5ste g\u00f6ras! Till att b\u00f6rja med s\u00e5 \u00e4r det ett gediget pappersarbete, som vi g\u00e4rna hj\u00e4lper till med om det skulle beh\u00f6vas. Din h\u00e4st kan beh\u00f6vas\u00e4ttas I karant\u00e4n, och vi kan bidra med r\u00e5d \u00e4ven d\u00e4r. <\/p>\n<p>N\u00e4rdagen f\u00f6r avresakommer s\u00e5 h\u00e4mtarv\u00e5rf\u00f6rare upp din(a) h\u00e4st(ar) p\u00e5 en f\u00f6rutbest\u00e4mdtid och plats. Ni kommer ha got om tid att \u00f6verf\u00f6raeventuell information om din h\u00e4st till f\u00f6raren. <\/p>\n<p>V\u00e5ra f\u00f6rare tar regelbundna raster f\u00f6r att titta till h\u00e4starna och deras v\u00e4lm\u00e5ende. Om resan skulle ta fleradagar s\u00e5 \u00e4r det alltidv\u00e5r ambition att hitta en \u00f6vernattningsplatsd\u00e4r h\u00e4starna kan f\u00e5komma av lastbilen, rulla sig och senspenderanatten I ett fint stall. Sj\u00e4lklart s\u00e5 kommer vi \u00e4ven h\u00e5lla dig uppdaterad under resansg\u00e5ng. <\/p>\n<p>Det \u00e4r ett stortsteg att flytta sin h\u00e4st till ett annat land , men Happy Equine Transport finnsh\u00e4r f\u00f6r att g\u00f6ra resan l\u00e4ttare bade f\u00f6r dig och din h\u00e4st. <\/p>\n<p>[\/et_pb_text][\/et_pb_column][\/et_pb_row][\/et_pb_section][et_pb_section fb_built=&#8221;1&#8243; fullwidth=&#8221;on&#8221; _builder_version=&#8221;4.5.6&#8243; _module_preset=&#8221;default&#8221; da_disable_devices=&#8221;off|off|off&#8221; da_is_popup=&#8221;off&#8221; da_exit_intent=&#8221;off&#8221; da_has_close=&#8221;on&#8221; da_alt_close=&#8221;off&#8221; da_dark_close=&#8221;off&#8221; da_not_modal=&#8221;on&#8221; da_is_singular=&#8221;off&#8221; da_with_loader=&#8221;off&#8221; da_has_shadow=&#8221;on&#8221;][\/et_pb_section][et_pb_section fb_built=&#8221;1&#8243; fullwidth=&#8221;on&#8221; admin_label=&#8221;Section&#8221; _builder_version=&#8221;3.22&#8243; da_disable_devices=&#8221;off|off|off&#8221; da_is_popup=&#8221;off&#8221; da_exit_intent=&#8221;off&#8221; da_has_close=&#8221;on&#8221; da_alt_close=&#8221;off&#8221; da_dark_close=&#8221;off&#8221; da_not_modal=&#8221;on&#8221; da_is_singular=&#8221;off&#8221; da_with_loader=&#8221;off&#8221; da_has_shadow=&#8221;on&#8221;][et_pb_fullwidth_image src=&#8221;http:\/\/happyequinetransport.com\/wp-content\/uploads\/2020\/08\/PHOTO-2020-08-14-11-36-41-1.jpg&#8221; title_text=&#8221;PHOTO-2020-08-14-11-36-41 (1)&#8221; _builder_version=&#8221;4.5.6&#8243; animation_style=&#8221;zoom&#8221; animation_direction=&#8221;left&#8221; animation_duration=&#8221;1500ms&#8221; animation_intensity_zoom=&#8221;-2%&#8221;][\/et_pb_fullwidth_image][\/et_pb_section][et_pb_section fb_built=&#8221;1&#8243; admin_label=&#8221;Reservation&#8221; _builder_version=&#8221;3.22&#8243; da_disable_devices=&#8221;off|off|off&#8221; da_is_popup=&#8221;off&#8221; da_exit_intent=&#8221;off&#8221; da_has_close=&#8221;on&#8221; da_alt_close=&#8221;off&#8221; da_dark_close=&#8221;off&#8221; da_not_modal=&#8221;on&#8221; da_is_singular=&#8221;off&#8221; da_with_loader=&#8221;off&#8221; da_has_shadow=&#8221;on&#8221;][et_pb_row column_structure=&#8221;1_2,1_2&#8243; _builder_version=&#8221;4.5.6&#8243;][et_pb_column type=&#8221;1_2&#8243; _builder_version=&#8221;3.25&#8243; custom_padding=&#8221;|||&#8221; custom_padding__hover=&#8221;|||&#8221;][et_pb_text _builder_version=&#8221;3.27.4&#8243; text_font=&#8221;||||||||&#8221; text_font_size=&#8221;16px&#8221; text_line_height=&#8221;2em&#8221; header_font=&#8221;||||||||&#8221; header_2_font=&#8221;Montserrat|700|||||||&#8221; header_2_font_size=&#8221;36px&#8221; header_2_line_height=&#8221;1.4em&#8221; max_width=&#8221;700px&#8221; module_alignment=&#8221;center&#8221; header_2_font_size_tablet=&#8221;26px&#8221; header_2_font_size_phone=&#8221;20px&#8221; header_2_font_size_last_edited=&#8221;on|phone&#8221;]<\/p>\n<h2>Ytterligare information?<\/h2>\n<p>Din h\u00e4st \u00e4r en av det dyrbaraste du har , bade finansiellt och emetionellt, vilket vi har full f\u00f6rst\u00e5else f\u00f6r. S\u00e5 tvekad\u00e4rf\u00f6raldrig att kontakta oss med fr\u00e5gor om ni vill veta mer.<\/p>\n<p>[\/et_pb_text][\/et_pb_column][et_pb_column type=&#8221;1_2&#8243; _builder_version=&#8221;3.25&#8243; custom_padding=&#8221;|||&#8221; custom_padding__hover=&#8221;|||&#8221;][\/et_pb_column][\/et_pb_row][\/et_pb_section]<\/p>\n","protected":false},"excerpt":{"rendered":"<p>[et_pb_section fb_built=&#8221;1&#8243; admin_label=&#8221;Header&#8221; _builder_version=&#8221;4.9.0&#8243; background_color=&#8221;#848484&#8243; background_image=&#8221;https:\/\/happyequinetransport.com\/wp-content\/uploads\/2022\/05\/klaarmaken-vrachtwagen.jpg&#8221; background_blend=&#8221;soft-light&#8221; animation_direction=&#8221;left&#8221; da_disable_devices=&#8221;off|off|off&#8221; da_is_popup=&#8221;off&#8221; da_exit_intent=&#8221;off&#8221; da_has_close=&#8221;on&#8221; da_alt_close=&#8221;off&#8221; da_dark_close=&#8221;off&#8221; da_not_modal=&#8221;on&#8221; da_is_singular=&#8221;off&#8221; da_with_loader=&#8221;off&#8221; da_has_shadow=&#8221;on&#8221;][et_pb_row _builder_version=&#8221;3.25&#8243;][et_pb_column type=&#8221;4_4&#8243; _builder_version=&#8221;3.25&#8243; custom_padding=&#8221;|||&#8221; custom_padding__hover=&#8221;|||&#8221;][et_pb_text ul_type=&#8221;circle&#8221; _builder_version=&#8221;3.27.4&#8243; text_font=&#8221;||||||||&#8221; text_font_size=&#8221;18px&#8221; text_line_height=&#8221;2em&#8221; ul_font=&#8221;||||||||&#8221; ul_font_size=&#8221;18px&#8221; ul_line_height=&#8221;2em&#8221; header_font=&#8221;Montserrat|700|||||||&#8221; header_font_size=&#8221;50px&#8221; header_line_height=&#8221;1.2em&#8221; text_orientation=&#8221;center&#8221; background_layout=&#8221;dark&#8221; max_width=&#8221;800px&#8221; module_alignment=&#8221;center&#8221; header_font_size_tablet=&#8221;40px&#8221; header_font_size_phone=&#8221;28px&#8221; header_font_size_last_edited=&#8221;on|phone&#8221;] Happy Equine Transport Horse transport with a smile [\/et_pb_text][et_pb_button button_url=&#8221;https:\/\/happyequinetransport.com\/sv\/kontakt\/&#8221; button_text=&#8221;Boka Transport&#8221; button_alignment=&#8221;center&#8221; _builder_version=&#8221;4.5.6&#8243; [&hellip;]<\/p>\n","protected":false},"author":1,"featured_media":0,"parent":0,"menu_order":0,"comment_status":"closed","ping_status":"closed","template":"","meta":{"_et_pb_use_builder":"on","_et_pb_old_content":"","_et_gb_content_width":"","footnotes":""},"class_list":["post-229873","page","type-page","status-publish","hentry"],"_links":{"self":[{"href":"https:\/\/happyequinetransport.com\/sv\/wp-json\/wp\/v2\/pages\/229873","targetHints":{"allow":["GET"]}}],"collection":[{"href":"https:\/\/happyequinetransport.com\/sv\/wp-json\/wp\/v2\/pages"}],"about":[{"href":"https:\/\/happyequinetransport.com\/sv\/wp-json\/wp\/v2\/types\/page"}],"author":[{"embeddable":true,"href":"https:\/\/happyequinetransport.com\/sv\/wp-json\/wp\/v2\/users\/1"}],"replies":[{"embeddable":true,"href":"https:\/\/happyequinetransport.com\/sv\/wp-json\/wp\/v2\/comments?post=229873"}],"version-history":[{"count":17,"href":"https:\/\/happyequinetransport.com\/sv\/wp-json\/wp\/v2\/pages\/229873\/revisions"}],"predecessor-version":[{"id":230123,"href":"https:\/\/happyequinetransport.com\/sv\/wp-json\/wp\/v2\/pages\/229873\/revisions\/230123"}],"wp:attachment":[{"href":"https:\/\/happyequinetransport.com\/sv\/wp-json\/wp\/v2\/media?parent=229873"}],"curies":[{"name":"wp","href":"https:\/\/api.w.org\/{rel}","templated":true}]}}